{"id":218,"date":"2025-01-24T20:08:35","date_gmt":"2025-01-24T20:08:35","guid":{"rendered":"https:\/\/agentejuanvilla.com\/?page_id=218"},"modified":"2025-09-15T16:29:41","modified_gmt":"2025-09-15T16:29:41","slug":"services","status":"publish","type":"page","link":"https:\/\/agentejuanvilla.com\/en\/services\/","title":{"rendered":"Services"},"content":{"rendered":"<div data-elementor-type=\"wp-page\" data-elementor-id=\"218\" class=\"elementor elementor-218\" data-elementor-post-type=\"page\">\n\t\t\t\t<div class=\"elementor-element elementor-element-f48d234 e-flex e-con-boxed e-con e-parent\" data-id=\"f48d234\" data-element_type=\"container\" data-e-type=\"container\" data-settings=\"{&quot;background_background&quot;:&quot;video&quot;,&quot;background_video_link&quot;:&quot;https:\\\/\\\/agentejuanvilla.com\\\/wp-content\\\/uploads\\\/2025\\\/09\\\/seguro-de-vida.mp4&quot;,&quot;background_play_on_mobile&quot;:&quot;yes&quot;}\">\n\t\t\t\t\t<div class=\"e-con-inner\">\n\t\t<div class=\"elementor-background-video-container\">\n\t\t\t\t\t\t\t<video class=\"elementor-background-video-hosted\" role=\"presentation\" autoplay muted playsinline loop><\/video>\n\t\t\t\t\t<\/div><div class=\"elementor-element elementor-element-aa9ab8f e-con-full e-flex e-con e-child\" data-id=\"aa9ab8f\" data-element_type=\"container\" data-e-type=\"container\">\n\t\t\t\t<div class=\"elementor-element elementor-element-58d12c0 elementor-widget elementor-widget-heading\" data-id=\"58d12c0\" data-element_type=\"widget\" data-e-type=\"widget\" data-widget_type=\"heading.default\">\n\t\t\t\t<div class=\"elementor-widget-container\">\n\t\t\t\t\t<h2 class=\"elementor-heading-title elementor-size-default\">Services<\/h2>\t\t\t\t<\/div>\n\t\t\t\t<\/div>\n\t\t\t\t<div class=\"elementor-element elementor-element-8410e0e elementor-widget elementor-widget-heading\" data-id=\"8410e0e\" data-element_type=\"widget\" data-e-type=\"widget\" data-widget_type=\"heading.default\">\n\t\t\t\t<div class=\"elementor-widget-container\">\n\t\t\t\t\t<h2 class=\"elementor-heading-title elementor-size-default\">Our Services<\/h2>\t\t\t\t<\/div>\n\t\t\t\t<\/div>\n\t\t\t\t<div class=\"elementor-element elementor-element-4122c33 hero elementor-widget elementor-widget-heading\" data-id=\"4122c33\" data-element_type=\"widget\" data-e-type=\"widget\" data-widget_type=\"heading.default\">\n\t\t\t\t<div class=\"elementor-widget-container\">\n\t\t\t\t\t<h2 class=\"elementor-heading-title elementor-size-default\">We offer guidance on a variety of insurance-related matters, including health, life, and real estate insurance, to help you safeguard your future and achieve your goals with confidence.<\/h2>\t\t\t\t<\/div>\n\t\t\t\t<\/div>\n\t\t\t\t<\/div>\n\t\t\t\t\t<\/div>\n\t\t\t\t<\/div>\n\t\t<div class=\"elementor-element elementor-element-028affc e-flex e-con-boxed e-con e-parent\" data-id=\"028affc\" data-element_type=\"container\" data-e-type=\"container\">\n\t\t\t\t\t<div class=\"e-con-inner\">\n\t\t\t\t<div class=\"elementor-element elementor-element-08a851f elementor-widget elementor-widget-heading\" data-id=\"08a851f\" data-element_type=\"widget\" data-e-type=\"widget\" data-widget_type=\"heading.default\">\n\t\t\t\t<div class=\"elementor-widget-container\">\n\t\t\t\t\t<h2 class=\"elementor-heading-title elementor-size-default\">Nuestros servicios<\/h2>\t\t\t\t<\/div>\n\t\t\t\t<\/div>\n\t\t<div class=\"elementor-element elementor-element-8426ff1 e-grid e-con-full e-con e-child\" data-id=\"8426ff1\" data-element_type=\"container\" data-e-type=\"container\">\n\t\t\t\t<div class=\"elementor-element elementor-element-2195675 elementor-cta--valign-middle elementor-cta--skin-classic elementor-animated-content elementor-bg-transform elementor-bg-transform-zoom-in elementor-widget elementor-widget-call-to-action\" data-id=\"2195675\" data-element_type=\"widget\" data-e-type=\"widget\" data-widget_type=\"call-to-action.default\">\n\t\t\t\t<div class=\"elementor-widget-container\">\n\t\t\t\t\t\t\t<div class=\"elementor-cta\">\n\t\t\t\t\t<div class=\"elementor-cta__bg-wrapper\">\n\t\t\t\t<div class=\"elementor-cta__bg elementor-bg\" style=\"background-image: url(https:\/\/agentejuanvilla.com\/wp-content\/uploads\/2025\/09\/doctor-haciendo-su-trabajo-en-la-oficina-de-pediatria-1024x681.jpg);\" role=\"img\" aria-label=\"Seguros de salud\"><\/div>\n\t\t\t\t<div class=\"elementor-cta__bg-overlay\"><\/div>\n\t\t\t<\/div>\n\t\t\t\t\t\t\t<div class=\"elementor-cta__content\">\n\t\t\t\t\n\t\t\t\t\t\t\t\t\t<h2 class=\"elementor-cta__title elementor-cta__content-item elementor-content-item\">\n\t\t\t\t\t\tSeguros de Salud con cobertura completa\t\t\t\t\t<\/h2>\n\t\t\t\t\n\t\t\t\t\t\t\t\t\t<div class=\"elementor-cta__description elementor-cta__content-item elementor-content-item\">\n\t\t\t\t\t\tEncuentra el seguro de salud ideal para ti y tu familia. Accede a atenci\u00f3n m\u00e9dica, hospitalaria y de emergencias con la asesor\u00eda personalizada de Agente Juan Villa.\t\t\t\t\t<\/div>\n\t\t\t\t\n\t\t\t\t\t\t\t\t\t<div class=\"elementor-cta__button-wrapper elementor-cta__content-item elementor-content-item\">\n\t\t\t\t\t<a class=\"elementor-cta__button elementor-button elementor-size-\" href=\"https:\/\/agentejuanvilla.com\/en\/seguros-de-salud\/\">\n\t\t\t\t\t\tConoce m\u00e1s \t\t\t\t\t<\/a>\n\t\t\t\t\t<\/div>\n\t\t\t\t\t\t\t<\/div>\n\t\t\t\t\t\t<\/div>\n\t\t\t\t\t\t<\/div>\n\t\t\t\t<\/div>\n\t\t\t\t<div class=\"elementor-element elementor-element-9853187 elementor-cta--valign-middle elementor-cta--skin-classic elementor-animated-content elementor-bg-transform elementor-bg-transform-zoom-in elementor-widget elementor-widget-call-to-action\" data-id=\"9853187\" data-element_type=\"widget\" data-e-type=\"widget\" data-widget_type=\"call-to-action.default\">\n\t\t\t\t<div class=\"elementor-widget-container\">\n\t\t\t\t\t\t\t<div class=\"elementor-cta\">\n\t\t\t\t\t<div class=\"elementor-cta__bg-wrapper\">\n\t\t\t\t<div class=\"elementor-cta__bg elementor-bg\" style=\"background-image: url(https:\/\/agentejuanvilla.com\/wp-content\/uploads\/2025\/09\/dentales-1024x683.jpg);\" role=\"img\" aria-label=\"dentales\"><\/div>\n\t\t\t\t<div class=\"elementor-cta__bg-overlay\"><\/div>\n\t\t\t<\/div>\n\t\t\t\t\t\t\t<div class=\"elementor-cta__content\">\n\t\t\t\t\n\t\t\t\t\t\t\t\t\t<h2 class=\"elementor-cta__title elementor-cta__content-item elementor-content-item\">\n\t\t\t\t\t\tSeguros Dentales para tu bienestar oral\t\t\t\t\t<\/h2>\n\t\t\t\t\n\t\t\t\t\t\t\t\t\t<div class=\"elementor-cta__description elementor-cta__content-item elementor-content-item\">\n\t\t\t\t\t\tProtege tu sonrisa con nuestros seguros dentales. Accede a limpiezas, tratamientos y emergencias odontol\u00f3gicas con la asesor\u00eda personalizada de Agente Juan Villa.\t\t\t\t\t<\/div>\n\t\t\t\t\n\t\t\t\t\t\t\t\t\t<div class=\"elementor-cta__button-wrapper elementor-cta__content-item elementor-content-item\">\n\t\t\t\t\t<a class=\"elementor-cta__button elementor-button elementor-size-\" href=\"https:\/\/agentejuanvilla.com\/en\/seguros-dentales\/\">\n\t\t\t\t\t\tConoce m\u00e1s \t\t\t\t\t<\/a>\n\t\t\t\t\t<\/div>\n\t\t\t\t\t\t\t<\/div>\n\t\t\t\t\t\t<\/div>\n\t\t\t\t\t\t<\/div>\n\t\t\t\t<\/div>\n\t\t\t\t<div class=\"elementor-element elementor-element-cf76a4e elementor-cta--valign-middle elementor-cta--skin-classic elementor-animated-content elementor-bg-transform elementor-bg-transform-zoom-in elementor-widget elementor-widget-call-to-action\" data-id=\"cf76a4e\" data-element_type=\"widget\" data-e-type=\"widget\" data-widget_type=\"call-to-action.default\">\n\t\t\t\t<div class=\"elementor-widget-container\">\n\t\t\t\t\t\t\t<div class=\"elementor-cta\">\n\t\t\t\t\t<div class=\"elementor-cta__bg-wrapper\">\n\t\t\t\t<div class=\"elementor-cta__bg elementor-bg\" style=\"background-image: url(https:\/\/agentejuanvilla.com\/wp-content\/uploads\/2025\/09\/visuales.jpg);\" role=\"img\" aria-label=\"visuales\"><\/div>\n\t\t\t\t<div class=\"elementor-cta__bg-overlay\"><\/div>\n\t\t\t<\/div>\n\t\t\t\t\t\t\t<div class=\"elementor-cta__content\">\n\t\t\t\t\n\t\t\t\t\t\t\t\t\t<h2 class=\"elementor-cta__title elementor-cta__content-item elementor-content-item\">\n\t\t\t\t\t\tDental, Vision and Hearing insurance (DVH)\t\t\t\t\t<\/h2>\n\t\t\t\t\n\t\t\t\t\t\t\t\t\t<div class=\"elementor-cta__description elementor-cta__content-item elementor-content-item\">\n\t\t\t\t\t\tCuida tu salud integral con nuestros seguros DVH. Accede a cobertura en salud dental, visual y de audici\u00f3n con asesor\u00eda personalizada de Agente Juan Villa.\t\t\t\t\t<\/div>\n\t\t\t\t\n\t\t\t\t\t\t\t\t\t<div class=\"elementor-cta__button-wrapper elementor-cta__content-item elementor-content-item\">\n\t\t\t\t\t<a class=\"elementor-cta__button elementor-button elementor-size-\" href=\"https:\/\/agentejuanvilla.com\/en\/seguros-visuales\/\">\n\t\t\t\t\t\tConoce m\u00e1s \t\t\t\t\t<\/a>\n\t\t\t\t\t<\/div>\n\t\t\t\t\t\t\t<\/div>\n\t\t\t\t\t\t<\/div>\n\t\t\t\t\t\t<\/div>\n\t\t\t\t<\/div>\n\t\t\t\t<\/div>\n\t\t\t\t\t<\/div>\n\t\t\t\t<\/div>\n\t\t<div class=\"elementor-element elementor-element-a0fdf02 e-flex e-con-boxed e-con e-parent\" data-id=\"a0fdf02\" data-element_type=\"container\" data-e-type=\"container\">\n\t\t\t\t\t<div class=\"e-con-inner\">\n\t\t<div class=\"elementor-element elementor-element-ff41b9c e-grid e-con-full e-con e-child\" data-id=\"ff41b9c\" data-element_type=\"container\" data-e-type=\"container\">\n\t\t\t\t<div class=\"elementor-element elementor-element-77a5d17 elementor-cta--valign-middle elementor-cta--skin-classic elementor-animated-content elementor-bg-transform elementor-bg-transform-zoom-in elementor-widget elementor-widget-call-to-action\" data-id=\"77a5d17\" data-element_type=\"widget\" data-e-type=\"widget\" data-widget_type=\"call-to-action.default\">\n\t\t\t\t<div class=\"elementor-widget-container\">\n\t\t\t\t\t\t\t<div class=\"elementor-cta\">\n\t\t\t\t\t<div class=\"elementor-cta__bg-wrapper\">\n\t\t\t\t<div class=\"elementor-cta__bg elementor-bg\" style=\"background-image: url(https:\/\/agentejuanvilla.com\/wp-content\/uploads\/2025\/09\/devida-1024x683.jpg);\" role=\"img\" aria-label=\"Young happy parents enjoying in coloring with their small daughter at home.\"><\/div>\n\t\t\t\t<div class=\"elementor-cta__bg-overlay\"><\/div>\n\t\t\t<\/div>\n\t\t\t\t\t\t\t<div class=\"elementor-cta__content\">\n\t\t\t\t\n\t\t\t\t\t\t\t\t\t<h2 class=\"elementor-cta__title elementor-cta__content-item elementor-content-item\">\n\t\t\t\t\t\tSeguros de Vida para tu tranquilidad y la de tu familia\t\t\t\t\t<\/h2>\n\t\t\t\t\n\t\t\t\t\t\t\t\t\t<div class=\"elementor-cta__description elementor-cta__content-item elementor-content-item\">\n\t\t\t\t\t\tProtege a quienes m\u00e1s amas con nuestros seguros de vida. Obt\u00e9n respaldo econ\u00f3mico y seguridad con la asesor\u00eda personalizada de Agente Juan Villa.\t\t\t\t\t<\/div>\n\t\t\t\t\n\t\t\t\t\t\t\t\t\t<div class=\"elementor-cta__button-wrapper elementor-cta__content-item elementor-content-item\">\n\t\t\t\t\t<a class=\"elementor-cta__button elementor-button elementor-size-\" href=\"https:\/\/agentejuanvilla.com\/en\/seguros-de-vida\/\">\n\t\t\t\t\t\tConoce m\u00e1s \t\t\t\t\t<\/a>\n\t\t\t\t\t<\/div>\n\t\t\t\t\t\t\t<\/div>\n\t\t\t\t\t\t<\/div>\n\t\t\t\t\t\t<\/div>\n\t\t\t\t<\/div>\n\t\t\t\t<div class=\"elementor-element elementor-element-58ba939 elementor-cta--valign-middle elementor-cta--skin-classic elementor-animated-content elementor-bg-transform elementor-bg-transform-zoom-in elementor-widget elementor-widget-call-to-action\" data-id=\"58ba939\" data-element_type=\"widget\" data-e-type=\"widget\" data-widget_type=\"call-to-action.default\">\n\t\t\t\t<div class=\"elementor-widget-container\">\n\t\t\t\t\t\t\t<div class=\"elementor-cta\">\n\t\t\t\t\t<div class=\"elementor-cta__bg-wrapper\">\n\t\t\t\t<div class=\"elementor-cta__bg elementor-bg\" style=\"background-image: url(https:\/\/agentejuanvilla.com\/wp-content\/uploads\/2025\/09\/suplementarios-1024x1024.jpg);\" role=\"img\" aria-label=\"suplementarios\"><\/div>\n\t\t\t\t<div class=\"elementor-cta__bg-overlay\"><\/div>\n\t\t\t<\/div>\n\t\t\t\t\t\t\t<div class=\"elementor-cta__content\">\n\t\t\t\t\n\t\t\t\t\t\t\t\t\t<h2 class=\"elementor-cta__title elementor-cta__content-item elementor-content-item\">\n\t\t\t\t\t\tSeguros Suplementarios para mayor protecci\u00f3n\t\t\t\t\t<\/h2>\n\t\t\t\t\n\t\t\t\t\t\t\t\t\t<div class=\"elementor-cta__description elementor-cta__content-item elementor-content-item\">\n\t\t\t\t\t\tRefuerza tu cobertura con nuestros seguros suplementarios. Ampl\u00eda beneficios en salud, hospitalizaci\u00f3n y emergencias con la asesor\u00eda personalizada de Agente Juan Villa.\t\t\t\t\t<\/div>\n\t\t\t\t\n\t\t\t\t\t\t\t\t\t<div class=\"elementor-cta__button-wrapper elementor-cta__content-item elementor-content-item\">\n\t\t\t\t\t<a class=\"elementor-cta__button elementor-button elementor-size-\" href=\"https:\/\/agentejuanvilla.com\/en\/seguros-suplementarios\/\">\n\t\t\t\t\t\tConoce m\u00e1s \t\t\t\t\t<\/a>\n\t\t\t\t\t<\/div>\n\t\t\t\t\t\t\t<\/div>\n\t\t\t\t\t\t<\/div>\n\t\t\t\t\t\t<\/div>\n\t\t\t\t<\/div>\n\t\t\t\t<div class=\"elementor-element elementor-element-76a378b elementor-cta--valign-middle elementor-cta--skin-classic elementor-animated-content elementor-bg-transform elementor-bg-transform-zoom-in elementor-widget elementor-widget-call-to-action\" data-id=\"76a378b\" data-element_type=\"widget\" data-e-type=\"widget\" data-widget_type=\"call-to-action.default\">\n\t\t\t\t<div class=\"elementor-widget-container\">\n\t\t\t\t\t\t\t<div class=\"elementor-cta\">\n\t\t\t\t\t<div class=\"elementor-cta__bg-wrapper\">\n\t\t\t\t<div class=\"elementor-cta__bg elementor-bg\" style=\"background-image: url(https:\/\/agentejuanvilla.com\/wp-content\/uploads\/2025\/09\/jubilados-1024x683.jpg);\" role=\"img\" aria-label=\"Happy senior couple holding hands and using laptop while having a meeting with financial advisor in the office. Senior man is pointing at something on laptop.\"><\/div>\n\t\t\t\t<div class=\"elementor-cta__bg-overlay\"><\/div>\n\t\t\t<\/div>\n\t\t\t\t\t\t\t<div class=\"elementor-cta__content\">\n\t\t\t\t\n\t\t\t\t\t\t\t\t\t<h2 class=\"elementor-cta__title elementor-cta__content-item elementor-content-item\">\n\t\t\t\t\t\tCuentas de Jubilaci\u00f3n para tu futuro financiero\t\t\t\t\t<\/h2>\n\t\t\t\t\n\t\t\t\t\t\t\t\t\t<div class=\"elementor-cta__description elementor-cta__content-item elementor-content-item\">\n\t\t\t\t\t\tAsegura tu retiro con nuestras cuentas de jubilaci\u00f3n. Planifica hoy y disfruta de tranquilidad financiera ma\u00f1ana con la asesor\u00eda personalizada de Agente Juan Villa.\t\t\t\t\t<\/div>\n\t\t\t\t\n\t\t\t\t\t\t\t\t\t<div class=\"elementor-cta__button-wrapper elementor-cta__content-item elementor-content-item\">\n\t\t\t\t\t<a class=\"elementor-cta__button elementor-button elementor-size-\" href=\"https:\/\/agentejuanvilla.com\/en\/cuentas-de-jubilacion\/\">\n\t\t\t\t\t\tConoce m\u00e1s \t\t\t\t\t<\/a>\n\t\t\t\t\t<\/div>\n\t\t\t\t\t\t\t<\/div>\n\t\t\t\t\t\t<\/div>\n\t\t\t\t\t\t<\/div>\n\t\t\t\t<\/div>\n\t\t\t\t<div class=\"elementor-element elementor-element-c9b700a elementor-cta--valign-middle elementor-cta--skin-classic elementor-animated-content elementor-bg-transform elementor-bg-transform-zoom-in elementor-widget elementor-widget-call-to-action\" data-id=\"c9b700a\" data-element_type=\"widget\" data-e-type=\"widget\" data-widget_type=\"call-to-action.default\">\n\t\t\t\t<div class=\"elementor-widget-container\">\n\t\t\t\t\t\t\t<div class=\"elementor-cta\">\n\t\t\t\t\t<div class=\"elementor-cta__bg-wrapper\">\n\t\t\t\t<div class=\"elementor-cta__bg elementor-bg\" style=\"background-image: url(https:\/\/agentejuanvilla.com\/wp-content\/uploads\/2025\/09\/viajes-1024x683.jpg);\" role=\"img\" aria-label=\"Laughing asian boy in glasses and shorts embracing charming blonde girls in front of outdoor cafe. Joyful students came to open-air restaurant to celebrate end of exams\"><\/div>\n\t\t\t\t<div class=\"elementor-cta__bg-overlay\"><\/div>\n\t\t\t<\/div>\n\t\t\t\t\t\t\t<div class=\"elementor-cta__content\">\n\t\t\t\t\n\t\t\t\t\t\t\t\t\t<h2 class=\"elementor-cta__title elementor-cta__content-item elementor-content-item\">\n\t\t\t\t\t\tSeguros de viaje y seguros para estudiantes en el exterior\t\t\t\t\t<\/h2>\n\t\t\t\t\n\t\t\t\t\t\t\t\t\t<div class=\"elementor-cta__description elementor-cta__content-item elementor-content-item\">\n\t\t\t\t\t\tProtege tu viaje y tu formaci\u00f3n con nuestros seguros de viaje y seguros para estudiantes en el exterior. Cobertura m\u00e9dica, accidentes y emergencias, con asesor\u00eda personalizada de Agente Juan Villa.\t\t\t\t\t<\/div>\n\t\t\t\t\n\t\t\t\t\t\t\t\t\t<div class=\"elementor-cta__button-wrapper elementor-cta__content-item elementor-content-item\">\n\t\t\t\t\t<a class=\"elementor-cta__button elementor-button elementor-size-\" href=\"https:\/\/agentejuanvilla.com\/en\/seguros-de-viaje\/\">\n\t\t\t\t\t\tConoce m\u00e1s \t\t\t\t\t<\/a>\n\t\t\t\t\t<\/div>\n\t\t\t\t\t\t\t<\/div>\n\t\t\t\t\t\t<\/div>\n\t\t\t\t\t\t<\/div>\n\t\t\t\t<\/div>\n\t\t\t\t<\/div>\n\t\t\t\t\t<\/div>\n\t\t\t\t<\/div>\n\t\t\t\t<\/div>","protected":false},"excerpt":{"rendered":"<p>SERVICIOS Nuestros servicios\u200b Brindamos asesor\u00eda en seguros de salud, vida y bienes ra\u00edces, ayud\u00e1ndote a proteger tu futuro y alcanzar tus metas con confianza. Nuestros servicios Seguros de Salud con cobertura completa Encuentra el seguro de salud ideal para ti y tu familia. Accede a atenci\u00f3n m\u00e9dica, hospitalaria y de emergencias con la asesor\u00eda personalizada [&hellip;]<\/p>\n","protected":false},"author":1,"featured_media":0,"parent":0,"menu_order":0,"comment_status":"closed","ping_status":"closed","template":"","meta":{"footnotes":""},"class_list":["post-218","page","type-page","status-publish","hentry"],"yoast_head":"<!-- This site is optimized with the Yoast SEO Premium plugin v27.5 (Yoast SEO v27.5) - https:\/\/yoast.com\/product\/yoast-seo-premium-wordpress\/ -->\n<title>Services - Asesor&iacute;a Experta para un mejor ma&ntilde;ana<\/title>\n<meta name=\"robots\" content=\"index, follow, max-snippet:-1, max-image-preview:large, max-video-preview:-1\" \/>\n<link rel=\"canonical\" href=\"https:\/\/agentejuanvilla.com\/en\/services\/\" \/>\n<meta property=\"og:locale\" content=\"en_US\" \/>\n<meta property=\"og:type\" content=\"article\" \/>\n<meta property=\"og:title\" content=\"Services\" \/>\n<meta property=\"og:description\" content=\"SERVICIOS Nuestros servicios\u200b Brindamos asesor\u00eda en seguros de salud, vida y bienes ra\u00edces, ayud\u00e1ndote a proteger tu futuro y alcanzar tus metas con confianza. Nuestros servicios Seguros de Salud con cobertura completa Encuentra el seguro de salud ideal para ti y tu familia. Accede a atenci\u00f3n m\u00e9dica, hospitalaria y de emergencias con la asesor\u00eda personalizada [&hellip;]\" \/>\n<meta property=\"og:url\" content=\"https:\/\/agentejuanvilla.com\/en\/services\/\" \/>\n<meta property=\"og:site_name\" content=\"Agente Juan Villa\" \/>\n<meta property=\"article:publisher\" content=\"https:\/\/www.facebook.com\/profile.php?id=61568220213888\" \/>\n<meta property=\"article:modified_time\" content=\"2025-09-15T16:29:41+00:00\" \/>\n<meta property=\"og:image\" content=\"https:\/\/agentejuanvilla.com\/wp-content\/uploads\/2025\/03\/img4-scaled.webp\" \/>\n\t<meta property=\"og:image:width\" content=\"1280\" \/>\n\t<meta property=\"og:image:height\" content=\"1920\" \/>\n\t<meta property=\"og:image:type\" content=\"image\/webp\" \/>\n<meta name=\"twitter:card\" content=\"summary_large_image\" \/>\n<meta name=\"twitter:label1\" content=\"Est. reading time\" \/>\n\t<meta name=\"twitter:data1\" content=\"2 minutes\" \/>\n<script type=\"application\/ld+json\" class=\"yoast-schema-graph\">{\"@context\":\"https:\\\/\\\/schema.org\",\"@graph\":[{\"@type\":\"WebPage\",\"@id\":\"https:\\\/\\\/agentejuanvilla.com\\\/services\\\/\",\"url\":\"https:\\\/\\\/agentejuanvilla.com\\\/services\\\/\",\"name\":\"Services - Asesor&iacute;a Experta para un mejor ma&ntilde;ana\",\"isPartOf\":{\"@id\":\"https:\\\/\\\/agentejuanvilla.com\\\/#website\"},\"datePublished\":\"2025-01-24T20:08:35+00:00\",\"dateModified\":\"2025-09-15T16:29:41+00:00\",\"breadcrumb\":{\"@id\":\"https:\\\/\\\/agentejuanvilla.com\\\/services\\\/#breadcrumb\"},\"inLanguage\":\"en-US\",\"potentialAction\":[{\"@type\":\"ReadAction\",\"target\":[\"https:\\\/\\\/agentejuanvilla.com\\\/services\\\/\"]}]},{\"@type\":\"BreadcrumbList\",\"@id\":\"https:\\\/\\\/agentejuanvilla.com\\\/services\\\/#breadcrumb\",\"itemListElement\":[{\"@type\":\"ListItem\",\"position\":1,\"name\":\"Home\",\"item\":\"https:\\\/\\\/agentejuanvilla.com\\\/\"},{\"@type\":\"ListItem\",\"position\":2,\"name\":\"Services\"}]},{\"@type\":\"WebSite\",\"@id\":\"https:\\\/\\\/agentejuanvilla.com\\\/#website\",\"url\":\"https:\\\/\\\/agentejuanvilla.com\\\/\",\"name\":\"Agente Juan Villa\",\"description\":\"Asesor&iacute;a Experta para un mejor ma&ntilde;ana\",\"publisher\":{\"@id\":\"https:\\\/\\\/agentejuanvilla.com\\\/#organization\"},\"potentialAction\":[{\"@type\":\"SearchAction\",\"target\":{\"@type\":\"EntryPoint\",\"urlTemplate\":\"https:\\\/\\\/agentejuanvilla.com\\\/?s={search_term_string}\"},\"query-input\":{\"@type\":\"PropertyValueSpecification\",\"valueRequired\":true,\"valueName\":\"search_term_string\"}}],\"inLanguage\":\"en-US\"},{\"@type\":\"Organization\",\"@id\":\"https:\\\/\\\/agentejuanvilla.com\\\/#organization\",\"name\":\"Agente Juan Villa\",\"url\":\"https:\\\/\\\/agentejuanvilla.com\\\/\",\"logo\":{\"@type\":\"ImageObject\",\"inLanguage\":\"en-US\",\"@id\":\"https:\\\/\\\/agentejuanvilla.com\\\/#\\\/schema\\\/logo\\\/image\\\/\",\"url\":\"https:\\\/\\\/agentejuanvilla.com\\\/wp-content\\\/uploads\\\/2024\\\/11\\\/logoAgenteJuanVilla_navy.png\",\"contentUrl\":\"https:\\\/\\\/agentejuanvilla.com\\\/wp-content\\\/uploads\\\/2024\\\/11\\\/logoAgenteJuanVilla_navy.png\",\"width\":4167,\"height\":4168,\"caption\":\"Agente Juan Villa\"},\"image\":{\"@id\":\"https:\\\/\\\/agentejuanvilla.com\\\/#\\\/schema\\\/logo\\\/image\\\/\"},\"sameAs\":[\"https:\\\/\\\/www.facebook.com\\\/profile.php?id=61568220213888\",\"https:\\\/\\\/www.instagram.com\\\/agentejuanvilla\\\/\",\"https:\\\/\\\/www.linkedin.com\\\/feed\\\/\",\"https:\\\/\\\/www.tiktok.com\\\/@agentejuanvilla\"]}]}<\/script>\n<!-- \/ Yoast SEO Premium plugin. -->","yoast_head_json":{"title":"Services - Asesor&iacute;a Experta para un mejor ma&ntilde;ana","robots":{"index":"index","follow":"follow","max-snippet":"max-snippet:-1","max-image-preview":"max-image-preview:large","max-video-preview":"max-video-preview:-1"},"canonical":"https:\/\/agentejuanvilla.com\/en\/services\/","og_locale":"en_US","og_type":"article","og_title":"Services","og_description":"SERVICIOS Nuestros servicios\u200b Brindamos asesor\u00eda en seguros de salud, vida y bienes ra\u00edces, ayud\u00e1ndote a proteger tu futuro y alcanzar tus metas con confianza. Nuestros servicios Seguros de Salud con cobertura completa Encuentra el seguro de salud ideal para ti y tu familia. Accede a atenci\u00f3n m\u00e9dica, hospitalaria y de emergencias con la asesor\u00eda personalizada [&hellip;]","og_url":"https:\/\/agentejuanvilla.com\/en\/services\/","og_site_name":"Agente Juan Villa","article_publisher":"https:\/\/www.facebook.com\/profile.php?id=61568220213888","article_modified_time":"2025-09-15T16:29:41+00:00","og_image":[{"width":1280,"height":1920,"url":"https:\/\/agentejuanvilla.com\/wp-content\/uploads\/2025\/03\/img4-scaled.webp","type":"image\/webp"}],"twitter_card":"summary_large_image","twitter_misc":{"Est. reading time":"2 minutes"},"schema":{"@context":"https:\/\/schema.org","@graph":[{"@type":"WebPage","@id":"https:\/\/agentejuanvilla.com\/services\/","url":"https:\/\/agentejuanvilla.com\/services\/","name":"Services - Asesor&iacute;a Experta para un mejor ma&ntilde;ana","isPartOf":{"@id":"https:\/\/agentejuanvilla.com\/#website"},"datePublished":"2025-01-24T20:08:35+00:00","dateModified":"2025-09-15T16:29:41+00:00","breadcrumb":{"@id":"https:\/\/agentejuanvilla.com\/services\/#breadcrumb"},"inLanguage":"en-US","potentialAction":[{"@type":"ReadAction","target":["https:\/\/agentejuanvilla.com\/services\/"]}]},{"@type":"BreadcrumbList","@id":"https:\/\/agentejuanvilla.com\/services\/#breadcrumb","itemListElement":[{"@type":"ListItem","position":1,"name":"Home","item":"https:\/\/agentejuanvilla.com\/"},{"@type":"ListItem","position":2,"name":"Services"}]},{"@type":"WebSite","@id":"https:\/\/agentejuanvilla.com\/#website","url":"https:\/\/agentejuanvilla.com\/","name":"Agent Juan Villa","description":"Asesor&iacute;a Experta para un mejor ma&ntilde;ana","publisher":{"@id":"https:\/\/agentejuanvilla.com\/#organization"},"potentialAction":[{"@type":"SearchAction","target":{"@type":"EntryPoint","urlTemplate":"https:\/\/agentejuanvilla.com\/?s={search_term_string}"},"query-input":{"@type":"PropertyValueSpecification","valueRequired":true,"valueName":"search_term_string"}}],"inLanguage":"en-US"},{"@type":"Organization","@id":"https:\/\/agentejuanvilla.com\/#organization","name":"Agent Juan Villa","url":"https:\/\/agentejuanvilla.com\/","logo":{"@type":"ImageObject","inLanguage":"en-US","@id":"https:\/\/agentejuanvilla.com\/#\/schema\/logo\/image\/","url":"https:\/\/agentejuanvilla.com\/wp-content\/uploads\/2024\/11\/logoAgenteJuanVilla_navy.png","contentUrl":"https:\/\/agentejuanvilla.com\/wp-content\/uploads\/2024\/11\/logoAgenteJuanVilla_navy.png","width":4167,"height":4168,"caption":"Agente Juan Villa"},"image":{"@id":"https:\/\/agentejuanvilla.com\/#\/schema\/logo\/image\/"},"sameAs":["https:\/\/www.facebook.com\/profile.php?id=61568220213888","https:\/\/www.instagram.com\/agentejuanvilla\/","https:\/\/www.linkedin.com\/feed\/","https:\/\/www.tiktok.com\/@agentejuanvilla"]}]}},"_links":{"self":[{"href":"https:\/\/agentejuanvilla.com\/en\/wp-json\/wp\/v2\/pages\/218","targetHints":{"allow":["GET"]}}],"collection":[{"href":"https:\/\/agentejuanvilla.com\/en\/wp-json\/wp\/v2\/pages"}],"about":[{"href":"https:\/\/agentejuanvilla.com\/en\/wp-json\/wp\/v2\/types\/page"}],"author":[{"embeddable":true,"href":"https:\/\/agentejuanvilla.com\/en\/wp-json\/wp\/v2\/users\/1"}],"replies":[{"embeddable":true,"href":"https:\/\/agentejuanvilla.com\/en\/wp-json\/wp\/v2\/comments?post=218"}],"version-history":[{"count":160,"href":"https:\/\/agentejuanvilla.com\/en\/wp-json\/wp\/v2\/pages\/218\/revisions"}],"predecessor-version":[{"id":1636,"href":"https:\/\/agentejuanvilla.com\/en\/wp-json\/wp\/v2\/pages\/218\/revisions\/1636"}],"wp:attachment":[{"href":"https:\/\/agentejuanvilla.com\/en\/wp-json\/wp\/v2\/media?parent=218"}],"curies":[{"name":"wp","href":"https:\/\/api.w.org\/{rel}","templated":true}]}}